{"id":5246,"date":"2015-10-13T13:40:40","date_gmt":"2015-10-13T11:40:40","guid":{"rendered":"http:\/\/afisec.fhios.es\/es\/?page_id=5246"},"modified":"2024-12-02T09:05:11","modified_gmt":"2024-12-02T08:05:11","slug":"asesoria-y-gestion-fiscal","status":"publish","type":"page","link":"https:\/\/www.afisec.com\/es\/asesoria-y-gestion-fiscal\/","title":{"rendered":"Asesor\u00eda y gesti\u00f3n fiscal"},"content":{"rendered":"<div class=\"wpb-content-wrapper\"><p>[vc_row css=\u00bb.vc_custom_1444645331064{margin-top: 0px !important;}\u00bb][vc_column][rev_slider_vc alias=\u00bbesasesoria\u00bb][\/vc_column][\/vc_row][vc_row][vc_column width=\u00bb7\/12&#8243;][vc_empty_space height=\u00bb10px\u00bb] \n\t\t\t\t<div class=\"row moduletitle\" style=\"clear:both;\">\n\t\t        \t<div class=\"titletext\"><h2 class=\"\">Asesor\u00eda y gesti\u00f3n fiscal<\/h2><\/div><\/div>[vc_column_text]<\/p>\n<p style=\"text-align: justify;\">La gesti\u00f3n fiscal implica la correcta planificaci\u00f3n de las obligaciones fiscales de la empresa. El objetivo no es s\u00f3lo minimizar su coste, <strong>sino lograr su adecuada gesti\u00f3n en el tiempo y prever las repercusiones que pudieran derivarse a trabajadores, directivos, colaboradores, profesionales, administradores, y socios<\/strong>. Asimismo, incluye todos los tr\u00e1mites ante la administraci\u00f3n tributaria o los tribunales econ\u00f3mico-administrativos.<\/p>\n<p>[\/vc_column_text][vc_single_image image=\u00bb9727&#8243; img_size=\u00bbfull\u00bb css=\u00bb\u00bb][\/vc_column][vc_column width=\u00bb1\/12&#8243;][vc_empty_space height=\u00bb10px\u00bb][\/vc_column][vc_column width=\u00bb4\/12&#8243;][vc_empty_space height=\u00bb20px\u00bb][vc_column_text css=\u00bb\u00bb]<\/p>\n<h6 style=\"text-align: left;\"><span style=\"color: #5e7598;\"><strong><span style=\"font-size: 130%;\">Nuestros servicios<\/span><\/strong><\/span><\/h6>\n<p>[\/vc_column_text][vc_separator][vc_column_text css=\u00bb\u00bb]<i class=\"icon-stop \" style=\"font-size:10px\" ><\/i> Asesor\u00eda Fiscal Integral<br \/>\n<i class=\"icon-stop \" style=\"font-size:10px\" ><\/i> Asistencia, representaci\u00f3n y defensa ante la inspecci\u00f3n de tributos<br \/>\n<i class=\"icon-stop \" style=\"font-size:10px\" ><\/i> Auditor\u00edas fiscales<br \/>\n<i class=\"icon-stop \" style=\"font-size:10px\" ><\/i> Impuesto sobre el Valor A\u00f1adido (IVA)<br \/>\n<i class=\"icon-stop \" style=\"font-size:10px\" ><\/i> Impuesto sobre la Renta de las Personas F\u00edsicas<br \/>\n<i class=\"icon-stop \" style=\"font-size:10px\" ><\/i> Impuesto sobre Sociedades<br \/>\n<i class=\"icon-stop \" style=\"font-size:10px\" ><\/i> Impuesto sobre Sucesiones<br \/>\n<i class=\"icon-stop \" style=\"font-size:10px\" ><\/i> Impuesto sobre Transmisiones Patrimoniales<br \/>\n<i class=\"icon-stop \" style=\"font-size:10px\" ><\/i> Operaciones vinculadas<br \/>\n<i class=\"icon-stop \" style=\"font-size:10px\" ><\/i> Pago fraccionado: estimaci\u00f3n directa y estimaci\u00f3n objetiva (m\u00f3dulos)<br \/>\n<i class=\"icon-stop \" style=\"font-size:10px\" ><\/i> Planificaci\u00f3n Fiscal<br \/>\n<i class=\"icon-stop \" style=\"font-size:10px\" ><\/i> Recursos y reclamaciones<br \/>\n<i class=\"icon-stop \" style=\"font-size:10px\" ><\/i> Tramitaci\u00f3n de expedientes de aplazamiento<br \/>\n<i class=\"icon-stop \" style=\"font-size:10px\" ><\/i> Tributaci\u00f3n patrimonial y sucesoria[\/vc_column_text][\/vc_column][\/vc_row][vc_row][vc_column]<\/section><\/section><\/section><\/section>\n\t\t\t\t   <section class=\"stretchme_on_mobile \" style=\"position:relative;padding-top:80px;\">\n \t\t\t\t   <div data-mp4=\"\" data-ogv=\"\" data-webm=\"\" data-poster=\"\" class=\"parallaxbg bgwithparallax videobgparallax\" data-speed=\"20\"  style=\" background:url(https:\/\/www.afisec.com\/wp-content\/uploads\/ordenador-1.jpg) 50% 50% repeat;background-attachment:fixed; ;background-size:cover;\"><\/div>\n \t\t\t\t   <div class=\"bgwithparallax_overlay\" style=\"background-color:rgba(,,,);\"><\/div> \t\t\t\t   \n\t\t\t\t   <section class=\"container notopmargin dark-on-light\" style=\"position:relative;z-index:3;\">\n\t\t\t\t   <section class=\"row\"><section class=\"span12\">[vc_column_text css_animation=\u00bbbottom-to-top\u00bb css=\u00bb\u00bb]<\/p>\n<h2 style=\"text-align: center;\"><span style=\"color: #ffffff;\">Contacta con nosotros<\/span><\/h2>\n<h4 style=\"text-align: center;\"><span style=\"color: #c5e2ff !important;\">Un asesor te ampliar\u00e1 la informaci\u00f3n de nuestros servicios y te har\u00e1 un presupuesto.<\/span><\/h4>\n<p>[\/vc_column_text][vc_btn title=\u00bbSOLICITAR INFORMACI\u00d3N\u00bb style=\u00bboutline\u00bb shape=\u00bbsquare\u00bb color=\u00bbwhite\u00bb size=\u00bblg\u00bb align=\u00bbcenter\u00bb css_animation=\u00bbbottom-to-top\u00bb link=\u00bburl:http%3A%2F%2Fwww.afisec.com%2Fes%2Fcontacto%2F||\u00bb][\/vc_column][\/vc_row]<\/p>\n<\/div>","protected":false},"excerpt":{"rendered":"<p>[vc_row css=\u00bb.vc_custom_1444645331064{margin-top: 0px !important;}\u00bb][vc_column][rev_slider_vc alias=\u00bbesasesoria\u00bb][\/vc_column][\/vc_row][vc_row][vc_column width=\u00bb7\/12&#8243;][vc_empty_space height=\u00bb10px\u00bb][vc_column_text] La gesti\u00f3n fiscal implica la correcta planificaci\u00f3n de las obligaciones fiscales de la empresa. El objetivo no es s\u00f3lo minimizar su coste, sino lograr su adecuada gesti\u00f3n en el tiempo y prever las repercusiones que pudieran derivarse a trabajadores, directivos, colaboradores, profesionales, administradores, y socios. Asimismo, incluye todos &#8230;<\/p>\n","protected":false},"author":4,"featured_media":0,"parent":0,"menu_order":0,"comment_status":"closed","ping_status":"closed","template":"","meta":{"_monsterinsights_skip_tracking":false,"_monsterinsights_sitenote_active":false,"_monsterinsights_sitenote_note":"","_monsterinsights_sitenote_category":0,"footnotes":""},"class_list":["post-5246","page","type-page","status-publish","hentry"],"_links":{"self":[{"href":"https:\/\/www.afisec.com\/es\/wp-json\/wp\/v2\/pages\/5246","targetHints":{"allow":["GET"]}}],"collection":[{"href":"https:\/\/www.afisec.com\/es\/wp-json\/wp\/v2\/pages"}],"about":[{"href":"https:\/\/www.afisec.com\/es\/wp-json\/wp\/v2\/types\/page"}],"author":[{"embeddable":true,"href":"https:\/\/www.afisec.com\/es\/wp-json\/wp\/v2\/users\/4"}],"replies":[{"embeddable":true,"href":"https:\/\/www.afisec.com\/es\/wp-json\/wp\/v2\/comments?post=5246"}],"version-history":[{"count":10,"href":"https:\/\/www.afisec.com\/es\/wp-json\/wp\/v2\/pages\/5246\/revisions"}],"predecessor-version":[{"id":10009,"href":"https:\/\/www.afisec.com\/es\/wp-json\/wp\/v2\/pages\/5246\/revisions\/10009"}],"wp:attachment":[{"href":"https:\/\/www.afisec.com\/es\/wp-json\/wp\/v2\/media?parent=5246"}],"curies":[{"name":"wp","href":"https:\/\/api.w.org\/{rel}","templated":true}]}}