{"id":5250,"date":"2015-10-13T13:41:12","date_gmt":"2015-10-13T11:41:12","guid":{"rendered":"http:\/\/afisec.fhios.es\/es\/?page_id=5250"},"modified":"2024-11-21T10:34:41","modified_gmt":"2024-11-21T09:34:41","slug":"consultoria-en-comunicacion-y-marketing","status":"publish","type":"page","link":"https:\/\/www.afisec.com\/es\/consultoria-en-comunicacion-y-marketing\/","title":{"rendered":"Consultor\u00eda en comunicaci\u00f3n y marketing"},"content":{"rendered":"<div class=\"wpb-content-wrapper\"><p>[vc_row css=\u00bb.vc_custom_1444645331064{margin-top: 0px !important;}\u00bb][vc_column][rev_slider_vc alias=\u00bbescomunicacio\u00bb][\/vc_column][\/vc_row][vc_row][vc_column width=\u00bb7\/12&#8243;][vc_empty_space height=\u00bb10px\u00bb] \n\t\t\t\t<div class=\"row moduletitle\" style=\"clear:both;\">\n\t\t        \t<div class=\"titletext\"><h2 class=\"\">Consultor\u00eda en Comunicaci\u00f3n y Marketing<\/h2><\/div><\/div>[vc_column_text]<\/p>\n<h5><strong>Encontramos la mejor estrategia de comunicaci\u00f3n para cada cliente<\/strong><\/h5>\n<p>[\/vc_column_text][vc_column_text css=\u00bb\u00bb]<\/p>\n<h3><span style=\"color: #5e7598;\">EQUIPO PROFESIONAL<\/span><\/h3>\n<p style=\"text-align: justify;\">Nos apasiona nuestro trabajo y apostamos y trabajamos por <strong>ofrecer soluciones creativas e innovadoras en nuestros proyectos.<\/strong><\/p>\n<p style=\"text-align: justify;\"><strong>El equipo de AFISEC Comunicaci\u00f3n<\/strong> est\u00e1 integrado por expertos en comunicaci\u00f3n y prensa, marketing, redes sociales, relaciones p\u00fablicas y dise\u00f1o gr\u00e1fico.<\/p>\n<p>[\/vc_column_text][vc_column_text css=\u00bb\u00bb]<\/p>\n<h3><span style=\"color: #5e7598;\">EXPERIENCIA<\/span><\/h3>\n<p style=\"text-align: justify;\">Os ofrecemos <strong>m\u00e1s de 20 a\u00f1os de experiencia<\/strong> en Comunicaci\u00f3n Corporativa, Empresarial, Sanitaria, Cultural y Cient\u00edfica.<\/p>\n<p>[\/vc_column_text][vc_single_image image=\u00bb9727&#8243; img_size=\u00bbfull\u00bb css=\u00bb\u00bb][\/vc_column][vc_column width=\u00bb1\/12&#8243;][vc_empty_space height=\u00bb10px\u00bb][\/vc_column][vc_column width=\u00bb4\/12&#8243;][vc_empty_space height=\u00bb20px\u00bb][vc_column_text css=\u00bb\u00bb]<\/p>\n<h6 style=\"text-align: left;\"><span style=\"color: #5e7598;\"><strong><span style=\"font-size: 130%;\">Nuestros servicios<\/span><\/strong><\/span><\/h6>\n<p>[\/vc_column_text][vc_separator][vc_column_text]<\/p>\n<h5><strong>Organizaci\u00f3n de eventos corporativos e institucionales<\/strong><\/h5>\n<p><i class=\"icon-stop \" style=\"font-size:10px\" ><\/i> Actos conmemorativos empresariales<br \/>\n<i class=\"icon-stop \" style=\"font-size:10px\" ><\/i> Actividades institucionales, cient\u00edficas, culturales y sanitarias<br \/>\n<i class=\"icon-stop \" style=\"font-size:10px\" ><\/i> Ciclos de conferencias<br \/>\n<i class=\"icon-stop \" style=\"font-size:10px\" ><\/i> F\u00f3rums y Jornadas especializadas<br \/>\n<i class=\"icon-stop \" style=\"font-size:10px\" ><\/i> Workshops<br \/>\n[\/vc_column_text][vc_column_text]<\/p>\n<h5><strong>Gabinete de Prensa y relaci\u00f3n con los medios de comunicaci\u00f3n<\/strong><\/h5>\n<p><i class=\"icon-stop \" style=\"font-size:10px\" ><\/i> Convocatorias de ruedas de prensa<br \/>\n<i class=\"icon-stop \" style=\"font-size:10px\" ><\/i> Gesti\u00f3n de entrevistas y reportajes<br \/>\n<i class=\"icon-stop \" style=\"font-size:10px\" ><\/i> Redacci\u00f3n y elaboraci\u00f3n de dosiers de prensa y materiales de soporte<br \/>\n<i class=\"icon-stop \" style=\"font-size:10px\" ><\/i> Redacci\u00f3n de notas de prensa<br \/>\n<i class=\"icon-stop \" style=\"font-size:10px\" ><\/i> Informes de gesti\u00f3n e impactos[\/vc_column_text][vc_column_text]<\/p>\n<h5><strong>Consultor\u00eda y Servicios de Comunicaci\u00f3n<\/strong><\/h5>\n<p><i class=\"icon-stop \" style=\"font-size:10px\" ><\/i> Contenidos y dise\u00f1o de webs<br \/>\n<i class=\"icon-stop \" style=\"font-size:10px\" ><\/i> Estrategias de comunicaci\u00f3n 2.0<br \/>\n<i class=\"icon-stop \" style=\"font-size:10px\" ><\/i> Estrategias y planes de social media<br \/>\n<i class=\"icon-stop \" style=\"font-size:10px\" ><\/i> Planes de comunicaci\u00f3n estrat\u00e9gica<br \/>\n<i class=\"icon-stop \" style=\"font-size:10px\" ><\/i> Redacci\u00f3n y dise\u00f1o de materiales de comunicaci\u00f3n: folletos, memorias corporativas, revistas, anuarios, soportes publicitarios y de marketing, v\u00eddeos, etc.[\/vc_column_text][vc_column_text]<\/p>\n<h5><strong>Consultor\u00eda y Servicios de Marketing<\/strong><\/h5>\n<p><i class=\"icon-stop \" style=\"font-size:10px\" ><\/i> Estudios de mercado<br \/>\n<i class=\"icon-stop \" style=\"font-size:10px\" ><\/i> Estrategias de marketing 2.0<br \/>\n<i class=\"icon-stop \" style=\"font-size:10px\" ><\/i> Estrategias y planes de marketing digital<br \/>\n<i class=\"icon-stop \" style=\"font-size:10px\" ><\/i> Planes de marketing estrat\u00e9gico[\/vc_column_text][\/vc_column][\/vc_row][vc_row][vc_column]<\/section><\/section><\/section><\/section>\n\t\t\t\t   <section class=\"stretchme_on_mobile \" style=\"position:relative;padding-top:80px;\">\n \t\t\t\t   <div data-mp4=\"\" data-ogv=\"\" data-webm=\"\" data-poster=\"\" class=\"parallaxbg bgwithparallax videobgparallax\" data-speed=\"20\"  style=\" background:url(https:\/\/www.afisec.com\/wp-content\/uploads\/ordenador-1.jpg) 50% 50% repeat;background-attachment:fixed; ;background-size:cover;\"><\/div>\n \t\t\t\t   <div class=\"bgwithparallax_overlay\" style=\"background-color:rgba(,,,);\"><\/div> \t\t\t\t   \n\t\t\t\t   <section class=\"container notopmargin dark-on-light\" style=\"position:relative;z-index:3;\">\n\t\t\t\t   <section class=\"row\"><section class=\"span12\">[vc_column_text css_animation=\u00bbbottom-to-top\u00bb css=\u00bb\u00bb]<\/p>\n<h2 style=\"text-align: center;\"><span style=\"color: #ffffff;\">Contacta con nosotros<\/span><\/h2>\n<h4 style=\"text-align: center;\"><span style=\"color: #c5e2ff !important;\">Para m\u00e1s informaci\u00f3n contacta con nuestro departamento de comunicaci\u00f3n<\/span><\/h4>\n<p>[\/vc_column_text][vc_btn title=\u00bbcomunicacio@afisec.com\u00bb style=\u00bboutline\u00bb shape=\u00bbsquare\u00bb color=\u00bbwhite\u00bb size=\u00bblg\u00bb align=\u00bbcenter\u00bb css_animation=\u00bbbottom-to-top\u00bb link=\u00bburl:mailto%3Acomunicacio%40afisec.com||\u00bb][\/vc_column][\/vc_row]<\/p>\n<\/div>","protected":false},"excerpt":{"rendered":"<p>[vc_row css=\u00bb.vc_custom_1444645331064{margin-top: 0px !important;}\u00bb][vc_column][rev_slider_vc alias=\u00bbescomunicacio\u00bb][\/vc_column][\/vc_row][vc_row][vc_column width=\u00bb7\/12&#8243;][vc_empty_space height=\u00bb10px\u00bb][vc_column_text] Encontramos la mejor estrategia de comunicaci\u00f3n para cada cliente [\/vc_column_text][vc_column_text css=\u00bb\u00bb] EQUIPO PROFESIONAL Nos apasiona nuestro trabajo y apostamos y trabajamos por ofrecer soluciones creativas e innovadoras en nuestros proyectos. El equipo de AFISEC Comunicaci\u00f3n est\u00e1 integrado por expertos en comunicaci\u00f3n y prensa, marketing, redes sociales, relaciones p\u00fablicas &#8230;<\/p>\n","protected":false},"author":4,"featured_media":0,"parent":0,"menu_order":0,"comment_status":"closed","ping_status":"closed","template":"","meta":{"_monsterinsights_skip_tracking":false,"_monsterinsights_sitenote_active":false,"_monsterinsights_sitenote_note":"","_monsterinsights_sitenote_category":0,"footnotes":""},"class_list":["post-5250","page","type-page","status-publish","hentry"],"_links":{"self":[{"href":"https:\/\/www.afisec.com\/es\/wp-json\/wp\/v2\/pages\/5250","targetHints":{"allow":["GET"]}}],"collection":[{"href":"https:\/\/www.afisec.com\/es\/wp-json\/wp\/v2\/pages"}],"about":[{"href":"https:\/\/www.afisec.com\/es\/wp-json\/wp\/v2\/types\/page"}],"author":[{"embeddable":true,"href":"https:\/\/www.afisec.com\/es\/wp-json\/wp\/v2\/users\/4"}],"replies":[{"embeddable":true,"href":"https:\/\/www.afisec.com\/es\/wp-json\/wp\/v2\/comments?post=5250"}],"version-history":[{"count":10,"href":"https:\/\/www.afisec.com\/es\/wp-json\/wp\/v2\/pages\/5250\/revisions"}],"predecessor-version":[{"id":9926,"href":"https:\/\/www.afisec.com\/es\/wp-json\/wp\/v2\/pages\/5250\/revisions\/9926"}],"wp:attachment":[{"href":"https:\/\/www.afisec.com\/es\/wp-json\/wp\/v2\/media?parent=5250"}],"curies":[{"name":"wp","href":"https:\/\/api.w.org\/{rel}","templated":true}]}}