{"id":5252,"date":"2015-10-13T13:41:29","date_gmt":"2015-10-13T11:41:29","guid":{"rendered":"http:\/\/afisec.fhios.es\/es\/?page_id=5252"},"modified":"2024-11-21T10:35:42","modified_gmt":"2024-11-21T09:35:42","slug":"consultoria-para-empresas-en-crisis","status":"publish","type":"page","link":"https:\/\/www.afisec.com\/es\/consultoria-para-empresas-en-crisis\/","title":{"rendered":"Consultor\u00eda para empresas en crisis"},"content":{"rendered":"<div class=\"wpb-content-wrapper\"><p>[vc_row css=\u00bb.vc_custom_1444645331064{margin-top: 0px !important;}\u00bb][vc_column][rev_slider_vc alias=\u00bbesconsultoriacrisis\u00bb][\/vc_column][\/vc_row][vc_row][vc_column width=\u00bb7\/12&#8243;][vc_empty_space height=\u00bb10px\u00bb] \n\t\t\t\t<div class=\"row moduletitle\" style=\"clear:both;\">\n\t\t        \t<div class=\"titletext\"><h2 class=\"\">Consultor\u00eda para empresas en crisis<\/h2><\/div><\/div>[vc_column_text]<\/p>\n<p style=\"text-align: justify;\"><strong>La situaci\u00f3n de crisis de una empresa<\/strong> no solo afecta a la propia empresa sino que repercute en el <strong>entorno de propietarios, directivos y empleados<\/strong>. Es necesario identificar claramente el problema, hacer un diagn\u00f3stico preciso y tomar las medidas necesarias para gestionar el cambio en un momento dif\u00edcil en el que el tiempo apremia. Es <strong>imprescindible tener una visi\u00f3n y un asesoramiento externo de un profesional cualificado, de confianza y con experiencia<\/strong>. El objetivo principal en situaciones de crisis, no es solo intentar salvar la empresa, sino <strong>minimizar el impacto negativo que tiene para muchas familias<\/strong>.<\/p>\n<p>[\/vc_column_text][vc_single_image image=\u00bb9727&#8243; img_size=\u00bbfull\u00bb css=\u00bb\u00bb][\/vc_column][vc_column width=\u00bb1\/12&#8243;][vc_empty_space height=\u00bb10px\u00bb][\/vc_column][vc_column width=\u00bb4\/12&#8243;][vc_empty_space height=\u00bb20px\u00bb][vc_column_text css=\u00bb\u00bb]<\/p>\n<h6 style=\"text-align: left;\"><span style=\"color: #5e7598;\"><strong><span style=\"font-size: 130%;\">Nuestros servicios<\/span><\/strong><\/span><\/h6>\n<p>[\/vc_column_text][vc_separator][vc_column_text]<i class=\"icon-stop \" style=\"font-size:10px\" ><\/i> Elaboraci\u00f3n de planes de reestructuraci\u00f3n financiera<br \/>\n<i class=\"icon-stop \" style=\"font-size:10px\" ><\/i> Elaboraci\u00f3n de planes de viabilidad<br \/>\n<i class=\"icon-stop \" style=\"font-size:10px\" ><\/i> Negociaci\u00f3n de deudas con bancos, acreedores y administraciones p\u00fablicas<br \/>\n<i class=\"icon-stop \" style=\"font-size:10px\" ><\/i> Situaciones de pre-insolvencia y concurso de acreedores[\/vc_column_text][\/vc_column][\/vc_row][vc_row][vc_column]<\/section><\/section><\/section><\/section>\n\t\t\t\t   <section class=\"stretchme_on_mobile \" style=\"position:relative;padding-top:80px;\">\n \t\t\t\t   <div data-mp4=\"\" data-ogv=\"\" data-webm=\"\" data-poster=\"\" class=\"parallaxbg bgwithparallax videobgparallax\" data-speed=\"20\"  style=\" background:url(https:\/\/www.afisec.com\/wp-content\/uploads\/ordenador-1.jpg) 50% 50% repeat;background-attachment:fixed; ;background-size:cover;\"><\/div>\n \t\t\t\t   <div class=\"bgwithparallax_overlay\" style=\"background-color:rgba(,,,);\"><\/div> \t\t\t\t   \n\t\t\t\t   <section class=\"container notopmargin dark-on-light\" style=\"position:relative;z-index:3;\">\n\t\t\t\t   <section class=\"row\"><section class=\"span12\">[vc_column_text css_animation=\u00bbbottom-to-top\u00bb css=\u00bb\u00bb]<\/p>\n<h2 style=\"text-align: center;\"><span style=\"color: #ffffff;\">Contacta con nosotros<\/span><\/h2>\n<h4 style=\"text-align: center;\"><span style=\"color: #c5e2ff !important;\">Un asesor te ampliar\u00e1 la informaci\u00f3n de nuestros servicios y te har\u00e1 un presupuesto.<\/span><\/h4>\n<p>[\/vc_column_text][vc_btn title=\u00bbSOLICITUD DE INFORMACI\u00d3N\u00bb style=\u00bboutline\u00bb shape=\u00bbsquare\u00bb color=\u00bbwhite\u00bb size=\u00bblg\u00bb align=\u00bbcenter\u00bb css_animation=\u00bbbottom-to-top\u00bb link=\u00bburl:http%3A%2F%2Fwww.afisec.com%2Fes%2Fcontacto%2F||\u00bb][\/vc_column][\/vc_row]<\/p>\n<\/div>","protected":false},"excerpt":{"rendered":"<p>[vc_row css=\u00bb.vc_custom_1444645331064{margin-top: 0px !important;}\u00bb][vc_column][rev_slider_vc alias=\u00bbesconsultoriacrisis\u00bb][\/vc_column][\/vc_row][vc_row][vc_column width=\u00bb7\/12&#8243;][vc_empty_space height=\u00bb10px\u00bb][vc_column_text] La situaci\u00f3n de crisis de una empresa no solo afecta a la propia empresa sino que repercute en el entorno de propietarios, directivos y empleados. Es necesario identificar claramente el problema, hacer un diagn\u00f3stico preciso y tomar las medidas necesarias para gestionar el cambio en un momento dif\u00edcil &#8230;<\/p>\n","protected":false},"author":4,"featured_media":0,"parent":0,"menu_order":0,"comment_status":"closed","ping_status":"closed","template":"","meta":{"_monsterinsights_skip_tracking":false,"_monsterinsights_sitenote_active":false,"_monsterinsights_sitenote_note":"","_monsterinsights_sitenote_category":0,"footnotes":""},"class_list":["post-5252","page","type-page","status-publish","hentry"],"_links":{"self":[{"href":"https:\/\/www.afisec.com\/es\/wp-json\/wp\/v2\/pages\/5252","targetHints":{"allow":["GET"]}}],"collection":[{"href":"https:\/\/www.afisec.com\/es\/wp-json\/wp\/v2\/pages"}],"about":[{"href":"https:\/\/www.afisec.com\/es\/wp-json\/wp\/v2\/types\/page"}],"author":[{"embeddable":true,"href":"https:\/\/www.afisec.com\/es\/wp-json\/wp\/v2\/users\/4"}],"replies":[{"embeddable":true,"href":"https:\/\/www.afisec.com\/es\/wp-json\/wp\/v2\/comments?post=5252"}],"version-history":[{"count":11,"href":"https:\/\/www.afisec.com\/es\/wp-json\/wp\/v2\/pages\/5252\/revisions"}],"predecessor-version":[{"id":9930,"href":"https:\/\/www.afisec.com\/es\/wp-json\/wp\/v2\/pages\/5252\/revisions\/9930"}],"wp:attachment":[{"href":"https:\/\/www.afisec.com\/es\/wp-json\/wp\/v2\/media?parent=5252"}],"curies":[{"name":"wp","href":"https:\/\/api.w.org\/{rel}","templated":true}]}}