{"id":5254,"date":"2021-12-02T13:41:46","date_gmt":"2021-12-02T12:41:46","guid":{"rendered":"http:\/\/afisec.fhios.es\/es\/?page_id=5254"},"modified":"2025-03-28T11:35:18","modified_gmt":"2025-03-28T10:35:18","slug":"contacto","status":"publish","type":"page","link":"https:\/\/www.afisec.com\/es\/contacto\/","title":{"rendered":"Contacto"},"content":{"rendered":"<div class=\"wpb-content-wrapper\"><p>[vc_row css=\u00bb.vc_custom_1448009338643{margin-bottom: 0px !important;}\u00bb][vc_column][rev_slider_vc alias=\u00bbescontacte\u00bb][\/vc_column][\/vc_row][vc_row css=\u00bb.vc_custom_1448009345159{padding-top: 0px !important;padding-bottom: 30px !important;background-position: center !important;background-repeat: no-repeat !important;background-size: cover !important;}\u00bb type=\u00bbboxed\u00bb background_style=\u00bbnormal\u00bb columns_height=\u00bbnormal_height\u00bb][vc_column css=\u00bb.vc_custom_1413562327014{background-position: center !important;background-repeat: no-repeat !important;background-size: cover !important;}\u00bb][vc_row_inner][vc_column_inner][vc_column_text css=\u00bb.vc_custom_1729857377929{margin-bottom: 40px !important;}\u00bb]<\/p>\n<h6 style=\"text-align: left;\"><span style=\"color: #5e7598;\"><strong><span style=\"font-size: 150%;\">FORMULARIO<\/span><\/strong><\/span><\/h6>\n<p>[\/vc_column_text][vc_column_text]Si est\u00e1s interesado en que un asesor contacte contigo para ofrecerte un informe gratuito o quieres pedir un presupuesto, rellena este formulario.[\/vc_column_text]\n<div class=\"wpcf7 no-js\" id=\"wpcf7-f5392-o1\" lang=\"ca\" dir=\"ltr\" data-wpcf7-id=\"5392\">\n<div class=\"screen-reader-response\"><p role=\"status\" aria-live=\"polite\" aria-atomic=\"true\"><\/p> <ul><\/ul><\/div>\n<form action=\"\/es\/wp-json\/wp\/v2\/pages\/5254#wpcf7-f5392-o1\" method=\"post\" class=\"wpcf7-form init\" aria-label=\"Formulari de contacte\" novalidate=\"novalidate\" data-status=\"init\">\n<fieldset class=\"hidden-fields-container\"><input type=\"hidden\" name=\"_wpcf7\" value=\"5392\" \/><input type=\"hidden\" name=\"_wpcf7_version\" value=\"6.1.5\" \/><input type=\"hidden\" name=\"_wpcf7_locale\" value=\"ca\" \/><input type=\"hidden\" name=\"_wpcf7_unit_tag\" value=\"wpcf7-f5392-o1\" \/><input type=\"hidden\" name=\"_wpcf7_container_post\" value=\"0\" \/><input type=\"hidden\" name=\"_wpcf7_posted_data_hash\" value=\"\" \/><input type=\"hidden\" name=\"_wpcf7_recaptcha_response\" value=\"\" \/>\n<\/fieldset>\n<p>Tu nombre (obligatorio)\n<\/p>\n<p><span class=\"wpcf7-form-control-wrap\" data-name=\"your-name\"><input size=\"40\" maxlength=\"400\" class=\"wpcf7-form-control wpcf7-text wpcf7-validates-as-required\" aria-required=\"true\" aria-invalid=\"false\" value=\"\" type=\"text\" name=\"your-name\" \/><\/span>\n<\/p>\n<p>Tu email (obligatorio)\n<\/p>\n<p><span class=\"wpcf7-form-control-wrap\" data-name=\"your-email\"><input size=\"40\" maxlength=\"400\" class=\"wpcf7-form-control wpcf7-email wpcf7-validates-as-required wpcf7-text wpcf7-validates-as-email\" aria-required=\"true\" aria-invalid=\"false\" value=\"\" type=\"email\" name=\"your-email\" \/><\/span>\n<\/p>\n<p>Tu tel\u00e9fono\n<\/p>\n<p><span class=\"wpcf7-form-control-wrap\" data-name=\"tel-731\"><input size=\"40\" maxlength=\"400\" class=\"wpcf7-form-control wpcf7-tel wpcf7-text wpcf7-validates-as-tel\" aria-invalid=\"false\" value=\"\" type=\"tel\" name=\"tel-731\" \/><\/span>\n<\/p>\n<p>Tu empresa\n<\/p>\n<p><span class=\"wpcf7-form-control-wrap\" data-name=\"text-785\"><input size=\"40\" maxlength=\"400\" class=\"wpcf7-form-control wpcf7-text\" aria-invalid=\"false\" value=\"\" type=\"text\" name=\"text-785\" \/><\/span>\n<\/p>\n<p>Mensaje\n<\/p>\n<p><span class=\"wpcf7-form-control-wrap\" data-name=\"your-message\"><textarea cols=\"40\" rows=\"10\" maxlength=\"2000\" class=\"wpcf7-form-control wpcf7-textarea\" aria-invalid=\"false\" name=\"your-message\"><\/textarea><\/span>\n<\/p>\n<p><span style=\"color: #000000;\"><span style=\"font-size: small;margin-bottom:20px;margin-top:30px;display:block;line-height:20px;\">En cumplimiento del deber de informar a los interesados de las circunstancias y condiciones del tratamiento de sus datos y de los derechos que le asisten, ponemos a su disposici\u00f3n la siguiente informaci\u00f3n:<\/span><\/span>\n<\/p>\n<style>\n form {\n width: 70%;\n }\n\n .responsive-table-container {\n overflow-x: auto;\n -webkit-overflow-scrolling: touch;\n }\n\n .responsive-table-container table {\n width: 100%;\n border-collapse: collapse;\n min-width: 600px;\n }\n\n .responsive-table-container td {\n vertical-align: middle; \/* Centrat vertical *\/\n }\n\n @media (max-width: 600px) {\n form {\n width: 100%;\n }\n .responsive-table-container table {\n font-size: 14px;\n }\n }\n<\/style>\n<div class=\"responsive-table-container\">\n\t<table border=\"1\" cellspacing=\"0\" cellpadding=\"10\">\n\t\t<tbody>\n\t\t\t<tr>\n\t\t\t\t<td colspan=\"2\">\n\t\t\t\t\t<p><span class=\"western\" align=\"center\"><br \/>\n<span style=\"font-size: small;\"><u>INFORMACI\u00d3N B\u00c1SICA SOBRE PROTECCI\u00d3N DE DATOS<\/u><\/span><br \/>\n<\/span>\n\t\t\t\t\t<\/p>\n\t\t\t\t<\/td>\n\t\t\t<\/tr>\n\t\t\t<tr>\n\t\t\t\t<td>\n\t\t\t\t\t<p class=\"western\"><span style=\"font-size: small;\">RESPONSABLE DEL TRATAMIENTO<\/span>\n\t\t\t\t\t<\/p>\n\t\t\t\t<\/td>\n\t\t\t\t<td>\n\t\t\t\t\t<p class=\"western\" align=\"justify\"><span style=\"font-size: small;\">Responsable:<br \/>\nAfisec Serveis Empresarials, S.L.<br \/>\n- CIF: B62711288 Dir.<br \/>\nPostal: C\/Balmes, 245-247, 2, 4, 08006 Barcelona (Barcelona)<\/span>\n\t\t\t\t\t<\/p>\n\t\t\t\t<\/td>\n\t\t\t<\/tr>\n\t\t\t<tr>\n\t\t\t\t<td>\n\t\t\t\t\t<p class=\"western\"><span style=\"font-size: small;\">FINALIDAD<\/span>\n\t\t\t\t\t<\/p>\n\t\t\t\t<\/td>\n\t\t\t\t<td>\n\t\t\t\t\t<p class=\"western\" align=\"justify\"><span style=\"font-size: small;\">Gestionar su consulta\/petici\u00f3n y dar una respuesta a la misma.<\/span>\n\t\t\t\t\t<\/p>\n\t\t\t\t<\/td>\n\t\t\t<\/tr>\n\t\t\t<tr>\n\t\t\t\t<td>\n\t\t\t\t\t<p class=\"western\"><span style=\"font-size: small;\">LEGITIMACI\u00d3N<\/span>\n\t\t\t\t\t<\/p>\n\t\t\t\t<\/td>\n\t\t\t\t<td>\n\t\t\t\t\t<p class=\"western\" align=\"justify\"><span style=\"font-size: small;\">Su consentimiento<\/span>\n\t\t\t\t\t<\/p>\n\t\t\t\t<\/td>\n\t\t\t<\/tr>\n\t\t\t<tr>\n\t\t\t\t<td>\n\t\t\t\t\t<p class=\"western\"><span style=\"font-size: small;\">DESTINATARIOS<\/span>\n\t\t\t\t\t<\/p>\n\t\t\t\t<\/td>\n\t\t\t\t<td>\n\t\t\t\t\t<p class=\"western\" align=\"justify\"><span style=\"font-size: small;\">Los datos no se ceder\u00e1n a terceros salvo en los casos en los que exista una obligaci\u00f3n legal o comunicaci\u00f3n necesaria para dar contestaci\u00f3n a su consulta.<\/span>\n\t\t\t\t\t<\/p>\n\t\t\t\t<\/td>\n\t\t\t<\/tr>\n\t\t\t<tr>\n\t\t\t\t<td>\n\t\t\t\t\t<p class=\"western\"><span style=\"font-size: small;\">DERECHOS<\/span>\n\t\t\t\t\t<\/p>\n\t\t\t\t<\/td>\n\t\t\t\t<td>\n\t\t\t\t\t<p class=\"western\" align=\"justify\"><span style=\"font-size: small;\">Puede ejercer sus Derechos a acceder, rectificar, oponerse, limitar, portar y suprimir los datos ante el responsable del tratamiento; adem\u00e1s de acudir a la autoridad de control competente (AEPD).<\/span>\n\t\t\t\t\t<\/p>\n\t\t\t\t<\/td>\n\t\t\t<\/tr>\n\t\t\t<tr>\n\t\t\t\t<td>\n\t\t\t\t\t<p class=\"western\"><span style=\"font-size: small;\">INFORMACI\u00d3N ADICIONAL<\/span>\n\t\t\t\t\t<\/p>\n\t\t\t\t<\/td>\n\t\t\t\t<td>\n\t\t\t\t\t<p class=\"western\" align=\"justify\"><span style=\"font-size: small;\">Puede consultar la informaci\u00f3n adicional sobre el tratamiento de sus datos personales <i><a href=\"\/politica-de-privacidad\/\" target=\"_blank\">aqu\u00ed<\/a><\/i><u>.<\/u><\/span>\n\t\t\t\t\t<\/p>\n\t\t\t\t<\/td>\n\t\t\t<\/tr>\n\t\t<\/tbody>\n\t<\/table>\n<\/div>\n<p><span class=\"wpcf7-form-control-wrap\" data-name=\"acepto\"><span class=\"wpcf7-form-control wpcf7-acceptance\"><span class=\"wpcf7-list-item\"><label><input type=\"checkbox\" name=\"acepto\" value=\"1\" aria-invalid=\"false\" \/><span class=\"wpcf7-list-item-label\">He le\u00eddo y acepto la <a href=\"\/politica-de-privacidad\">Pol\u00edtica de Privacidad<\/a><\/span><\/label><\/span><\/span><\/span>\n<\/p>\n<p><span class=\"wpcf7-form-control-wrap\" data-name=\"acepto2\"><span class=\"wpcf7-form-control wpcf7-acceptance\"><span class=\"wpcf7-list-item\"><label><input type=\"checkbox\" name=\"acepto2\" value=\"1\" aria-invalid=\"false\" \/><span class=\"wpcf7-list-item-label\">Acepto que mis datos personales sean empleados para las finalidades comerciales por medios electr\u00f3nicos<\/a><\/span><\/label><\/span><\/span><\/span>\n<\/p>\n<p><input class=\"wpcf7-form-control wpcf7-submit has-spinner\" type=\"submit\" value=\"Enviar\" \/>\n<\/p><div class=\"wpcf7-response-output\" aria-hidden=\"true\"><\/div>\n<\/form>\n<\/div>\n[vc_column_text]Muchas gracias.[\/vc_column_text][\/vc_column_inner][\/vc_row_inner][\/vc_column][\/vc_row][vc_row][vc_column][vc_row_inner][vc_column_inner width=\u00bb1\/4&#8243; css=\u00bb.vc_custom_1413878244221{margin-bottom: 30px !important;}\u00bb][vc_column_text css=\u00bb.vc_custom_1444694562958{margin-bottom: 5% !important;padding-top: 24px !important;padding-right: 15% !important;}\u00bb]<\/p>\n<ul class=\"customlist\">\n<li><i class=\"icon-flag\"><\/i><span style=\"margin-left: 10px;\">Balmes 245-247,\u00a0 2\u00ba 4\u00aa\u00a0 08006 Barcelona<\/span><\/li>\n<li><i class=\"icon-phone\"><\/i><span style=\"margin-left: 10px;\">932 178 262<\/span><\/li>\n<li><a href=\"mailto:afisec@afisec.com\"><i class=\"icon-mail\"><\/i><span style=\"margin-left: 10px;\">afisec@afisec.com<\/span><\/a><\/li>\n<\/ul>\n<p>[\/vc_column_text][\/vc_column_inner][vc_column_inner width=\u00bb3\/4&#8243;][vc_gmaps link=\u00bb#E-8_JTNDaWZyYW1lJTIwc3JjJTNEJTIyaHR0cHMlM0ElMkYlMkZ3d3cuZ29vZ2xlLmNvbSUyRm1hcHMlMkZlbWJlZCUzRnBiJTNEJTIxMW0xOCUyMTFtMTIlMjExbTMlMjExZDI5OTIuOTAwNjg3MjMzMDkwNiUyMTJkMi4xNDk4ODM5NDk3MDYxODclMjEzZDQxLjM5Nzk2MzA5MDcyMDA0JTIxMm0zJTIxMWYwJTIxMmYwJTIxM2YwJTIxM20yJTIxMWkxMDI0JTIxMmk3NjglMjE0ZjEzLjElMjEzbTMlMjExbTIlMjExczB4MTJhNGEyOTkxNzBjMGNkOSUyNTNBMHhiMmI1YzcwNGRlZGQ0MDM5JTIxMnNBRklTRUMlMjUyQyUyQlNlcnZlaXMlMkJFbXByZXNhcmlhbHMlMkJTLkwuJTIxNWUwJTIxM20yJTIxMXNlcyUyMTJzZXMlMjE0djE0NDQ2OTQwODg1NTYlMjIlMjB3aWR0aCUzRCUyMjYwMCUyMiUyMGhlaWdodCUzRCUyMjQ1MCUyMiUyMGZyYW1lYm9yZGVyJTNEJTIyMCUyMiUyMHN0eWxlJTNEJTIyYm9yZGVyJTNBMCUyMiUyMGFsbG93ZnVsbHNjcmVlbiUzRSUzQyUyRmlmcmFtZSUzRQ==\u00bb][\/vc_column_inner][\/vc_row_inner][\/vc_column][\/vc_row]<\/p>\n<\/div>","protected":false},"excerpt":{"rendered":"<p>[vc_row css=\u00bb.vc_custom_1448009338643{margin-bottom: 0px !important;}\u00bb][vc_column][rev_slider_vc alias=\u00bbescontacte\u00bb][\/vc_column][\/vc_row][vc_row css=\u00bb.vc_custom_1448009345159{padding-top: 0px !important;padding-bottom: 30px !important;background-position: center !important;background-repeat: no-repeat !important;background-size: cover !important;}\u00bb type=\u00bbboxed\u00bb background_style=\u00bbnormal\u00bb columns_height=\u00bbnormal_height\u00bb][vc_column css=\u00bb.vc_custom_1413562327014{background-position: center !important;background-repeat: no-repeat !important;background-size: cover !important;}\u00bb][vc_row_inner][vc_column_inner][vc_column_text css=\u00bb.vc_custom_1729857377929{margin-bottom: 40px !important;}\u00bb] FORMULARIO [\/vc_column_text][vc_column_text]Si est\u00e1s interesado en que un asesor contacte contigo para ofrecerte un informe gratuito o quieres pedir un presupuesto, rellena este formulario.[\/vc_column_text][vc_column_text]Muchas gracias.[\/vc_column_text][\/vc_column_inner][\/vc_row_inner][\/vc_column][\/vc_row][vc_row][vc_column][vc_row_inner][vc_column_inner width=\u00bb1\/4&#8243; css=\u00bb.vc_custom_1413878244221{margin-bottom: &#8230;<\/p>\n","protected":false},"author":4,"featured_media":0,"parent":0,"menu_order":0,"comment_status":"closed","ping_status":"closed","template":"","meta":{"_monsterinsights_skip_tracking":false,"_monsterinsights_sitenote_active":false,"_monsterinsights_sitenote_note":"","_monsterinsights_sitenote_category":0,"footnotes":""},"class_list":["post-5254","page","type-page","status-publish","hentry"],"_links":{"self":[{"href":"https:\/\/www.afisec.com\/es\/wp-json\/wp\/v2\/pages\/5254","targetHints":{"allow":["GET"]}}],"collection":[{"href":"https:\/\/www.afisec.com\/es\/wp-json\/wp\/v2\/pages"}],"about":[{"href":"https:\/\/www.afisec.com\/es\/wp-json\/wp\/v2\/types\/page"}],"author":[{"embeddable":true,"href":"https:\/\/www.afisec.com\/es\/wp-json\/wp\/v2\/users\/4"}],"replies":[{"embeddable":true,"href":"https:\/\/www.afisec.com\/es\/wp-json\/wp\/v2\/comments?post=5254"}],"version-history":[{"count":11,"href":"https:\/\/www.afisec.com\/es\/wp-json\/wp\/v2\/pages\/5254\/revisions"}],"predecessor-version":[{"id":10376,"href":"https:\/\/www.afisec.com\/es\/wp-json\/wp\/v2\/pages\/5254\/revisions\/10376"}],"wp:attachment":[{"href":"https:\/\/www.afisec.com\/es\/wp-json\/wp\/v2\/media?parent=5254"}],"curies":[{"name":"wp","href":"https:\/\/api.w.org\/{rel}","templated":true}]}}